{"id":8,"date":"2021-12-15T15:11:06","date_gmt":"2021-12-15T14:11:06","guid":{"rendered":"https:\/\/www.club-mouche-languedoc.fr\/?page_id=8"},"modified":"2025-10-08T13:50:03","modified_gmt":"2025-10-08T11:50:03","slug":"accueil","status":"publish","type":"page","link":"https:\/\/www.club-mouche-languedoc.fr\/","title":{"rendered":"Bienvenue sur le site du CML !"},"content":{"rendered":"\n<p>Cr\u00e9\u00e9 en 2000 notre club regroupe aujourd\u2019hui plus de 70 membres autour d\u2019une passion : la p\u00eache \u00e0 la mouche !<\/p>\n\n\n\n<p>Notre devise : <em><strong>Apprendre, Partager, Pr\u00e9server<\/strong><\/em><\/p>\n\n\n\n<figure class=\"wp-block-table\"><table class=\"has-fixed-layout\"><tbody><tr><td><\/td><td><\/td><td><\/td><\/tr><tr><td><\/td><td><\/td><td><\/td><\/tr><\/tbody><\/table><\/figure>\n\n\n\n<div class=\"wp-block-columns is-layout-flex wp-container-core-columns-is-layout-9d6595d7 wp-block-columns-is-layout-flex\">\n<div class=\"wp-block-column is-layout-flow wp-block-column-is-layout-flow\" style=\"flex-basis:50%\">\n<div class=\"wp-block-columns is-layout-flex wp-container-core-columns-is-layout-9d6595d7 wp-block-columns-is-layout-flex\">\n<div class=\"wp-block-column is-layout-flow wp-block-column-is-layout-flow\" style=\"flex-basis:66.66%\">\n<h2 class=\"wp-block-heading\" id=\"derniers-articles\">Derniers articles<\/h2>\n<\/div>\n<\/div>\n\n\n\n<div class=\"wp-block-columns is-layout-flex wp-container-core-columns-is-layout-9d6595d7 wp-block-columns-is-layout-flex\">\n<div class=\"wp-block-column is-layout-flow wp-block-column-is-layout-flow\" style=\"flex-basis:66.66%\"><ul class=\"wp-block-latest-posts__list has-dates aligncenter wp-block-latest-posts\"><li><a class=\"wp-block-latest-posts__post-title\" href=\"https:\/\/www.club-mouche-languedoc.fr\/index.php\/2026\/03\/08\/ramassage-de-dechets-sur-la-lergue\/\">Ramassage de d\u00e9chets sur la Lergue<\/a><time datetime=\"2026-03-08T14:37:24+01:00\" class=\"wp-block-latest-posts__post-date\">8 mars 2026<\/time><\/li>\n<li><a class=\"wp-block-latest-posts__post-title\" href=\"https:\/\/www.club-mouche-languedoc.fr\/index.php\/2026\/02\/24\/journee-mouche-rivieres-vivantes\/\">Journ\u00e9e Mouche &amp; Rivi\u00e8res vivantes<\/a><time datetime=\"2026-02-24T11:51:25+01:00\" class=\"wp-block-latest-posts__post-date\">24 f\u00e9vrier 2026<\/time><\/li>\n<li><a class=\"wp-block-latest-posts__post-title\" href=\"https:\/\/www.club-mouche-languedoc.fr\/index.php\/2026\/01\/22\/repas-participatif\/\">Repas &lsquo;participatif&rsquo;<\/a><time datetime=\"2026-01-22T15:08:55+01:00\" class=\"wp-block-latest-posts__post-date\">22 janvier 2026<\/time><\/li>\n<li><a class=\"wp-block-latest-posts__post-title\" href=\"https:\/\/www.club-mouche-languedoc.fr\/index.php\/2026\/01\/03\/bonne-annee-2026\/\">Bonne ann\u00e9e 2026<\/a><time datetime=\"2026-01-03T11:05:00+01:00\" class=\"wp-block-latest-posts__post-date\">3 janvier 2026<\/time><\/li>\n<li><a class=\"wp-block-latest-posts__post-title\" href=\"https:\/\/www.club-mouche-languedoc.fr\/index.php\/2025\/12\/16\/assemblee-generale-du-club\/\">Assembl\u00e9e g\u00e9n\u00e9rale du club<\/a><time datetime=\"2025-12-16T12:35:07+01:00\" class=\"wp-block-latest-posts__post-date\">16 d\u00e9cembre 2025<\/time><\/li>\n<li><a class=\"wp-block-latest-posts__post-title\" href=\"https:\/\/www.club-mouche-languedoc.fr\/index.php\/2025\/12\/03\/trois-nouveaux-initiateurs-dans-le-club\/\">Trois nouveaux initiateurs dans le club<\/a><time datetime=\"2025-12-03T16:55:37+01:00\" class=\"wp-block-latest-posts__post-date\">3 d\u00e9cembre 2025<\/time><\/li>\n<\/ul><\/div>\n\n\n\n<div class=\"wp-block-column is-layout-flow wp-block-column-is-layout-flow\" style=\"flex-basis:33.33%\"><\/div>\n<\/div>\n\n\n\n<p><a href=\"https:\/\/www.club-mouche-languedoc.fr\/index.php\/blog\/\">Toutes les actualit\u00e9s&#8230;<\/a><\/p>\n<\/div>\n\n\n\n<div class=\"wp-block-column is-layout-flow wp-block-column-is-layout-flow\" style=\"flex-basis:50%\">\n<h2 class=\"wp-block-heading\" id=\"prochains-rendez-vous\">Prochains rendez-vous<\/h2>\n\n\n<div class=\"simcal-calendar simcal-default-calendar simcal-default-calendar-list simcal-default-calendar-dark\" data-calendar-id=\"36\" data-timezone=\"Europe\/Paris\" data-offset=\"7200\" data-week-start=\"1\" data-calendar-start=\"1777327200\" data-calendar-end=\"1782158400\" data-events-first=\"1746828059\" data-events-last=\"1782158400\"><div class=\"simcal-calendar-list simcal-calendar-list-compact\"><nav class=\"simcal-calendar-head\">\n\t<div class=\"simcal-nav\">\n\t\t<button class=\"simcal-nav-button simcal-prev\" title=\"Pr\u00e9c\u00e9dent\" aria-label=\"Pr\u00e9c\u00e9dent\">\n\t\t\t<i class=\"simcal-icon-left\"><\/i>\n\t\t<\/button>\n\t<\/div>\n\t<div class=\"simcal-nav simcal-current \" data-calendar-current=\"1777327200\">\n\t\t<h3 class=\"simcal-current-label\"> <\/h3>\n\t<\/div>\n\t<div class=\"simcal-nav\">\t\t<button class=\"simcal-nav-button simcal-next\" title=\"Suiv.\" aria-label=\"Suiv.\">\t\t\t<i class=\"simcal-icon-right\"><\/i>\n\t\t<\/button>\n\t<\/div>\n<\/nav>\n<div class=\"simcal-events-list-container\" data-prev=\"1776704400\" data-next=\"1778518800\" data-heading-small=\"samedi 09 mai\" data-heading-large=\"samedi 09 mai\"><div class=\"simcal-weekday-6 simcal-past simcal-day simcal-day-has-events simcal-day-has-1-events simcal-events-calendar-36\" data-events-count=\"1\">\n\t<ul class=\"simcal-events\">\n\t<li class=\"simcal-event simcal-event-has-location simcal-events-calendar-36\" style=\"\" itemscope itemtype=\"http:\/\/schema.org\/Event\" data-start=\"1778277659\">\n\t\t<div class=\"simcal-event-details\"><h5><span style=\"color: 0000ff\"><img loading=\"lazy\" decoding=\"async\" class=\"alignnone wp-image-123\" src=\"http:\/\/www.club-mouche-languedoc.fr\/wp-content\/uploads\/2021\/12\/calendrier.png\" alt=\"\" width=\"32\" height=\"31\" \/><\/span><strong><span class=\"simcal-event-title\" itemprop=\"name\">Stage rivi\u00e8re sur l&#039;Aude<\/span><br \/>\n<\/strong><span style=\"color: 0000ff\"><strong><em><span class=\"simcal-event-start simcal-event-start-date\" data-event-start=\"1778277659\" data-event-format=\"l d F\" itemprop=\"startDate\" content=\"2026-05-09T00:00:59+02:00\">samedi 09 mai<\/span> - <span class=\"simcal-event-start simcal-event-end-date\" data-event-start=\"1778450341\" data-event-format=\"l d F\" itemprop=\"endDate\" content=\"2026-05-10T23:59:01+02:00\">dimanche 10 mai<\/span>&nbsp;&nbsp;<\/em><\/strong><\/span><\/h5>\n<p> <span class=\"simcal-event-address simcal-event-start-location\" itemprop=\"location\" itemscope itemtype=\"http:\/\/schema.org\/Place\"><meta itemprop=\"name\" content=\"Quillan, 11500 Quillan, France\" \/><meta itemprop=\"address\" content=\"Quillan, 11500 Quillan, France\" \/>Quillan, 11500 Quillan, France<\/span><br \/>\n<div class=\"simcal-event-description\" itemprop=\"description\"><p>Stage sur l'Aude encadr\u00e9 par Yannick Rivi\u00e8re<\/p>\n<\/div><\/p>\n<hr \/><\/div>\n\t<\/li>\n<\/ul>\n\n<\/div>\n<div class=\"simcal-weekday-0 simcal-past simcal-day simcal-day-has-events simcal-day-has-1-events simcal-events-calendar-36\" data-events-count=\"1\">\n\t<ul class=\"simcal-events\">\n\t<li class=\"simcal-event simcal-event-has-location simcal-events-calendar-36\" style=\"\" itemscope itemtype=\"http:\/\/schema.org\/Event\" data-start=\"1778277659\">\n\t\t<div class=\"simcal-event-details\"><h5><span style=\"color: 0000ff\"><img loading=\"lazy\" decoding=\"async\" class=\"alignnone wp-image-123\" src=\"http:\/\/www.club-mouche-languedoc.fr\/wp-content\/uploads\/2021\/12\/calendrier.png\" alt=\"\" width=\"32\" height=\"31\" \/><\/span><strong><span class=\"simcal-event-title\" itemprop=\"name\">Stage rivi\u00e8re sur l&#039;Aude<\/span><br \/>\n<\/strong><span style=\"color: 0000ff\"><strong><em><span class=\"simcal-event-start simcal-event-start-date\" data-event-start=\"1778277659\" data-event-format=\"l d F\" itemprop=\"startDate\" content=\"2026-05-09T00:00:59+02:00\">samedi 09 mai<\/span> - <span class=\"simcal-event-start simcal-event-end-date\" data-event-start=\"1778450341\" data-event-format=\"l d F\" itemprop=\"endDate\" content=\"2026-05-10T23:59:01+02:00\">dimanche 10 mai<\/span>&nbsp;&nbsp;<\/em><\/strong><\/span><\/h5>\n<p> <span class=\"simcal-event-address simcal-event-start-location\" itemprop=\"location\" itemscope itemtype=\"http:\/\/schema.org\/Place\"><meta itemprop=\"name\" content=\"Quillan, 11500 Quillan, France\" \/><meta itemprop=\"address\" content=\"Quillan, 11500 Quillan, France\" \/>Quillan, 11500 Quillan, France<\/span><br \/>\n<div class=\"simcal-event-description\" itemprop=\"description\"><p>Stage sur l'Aude encadr\u00e9 par Yannick Rivi\u00e8re<\/p>\n<\/div><\/p>\n<hr \/><\/div>\n\t<\/li>\n<\/ul>\n\n<\/div>\n<\/div><div class=\"simcal-ajax-loader simcal-spinner-top\" style=\"display: none;\"><i class=\"simcal-icon-spinner simcal-icon-spin\"><\/i><\/div><\/div><\/div>\n\n\n\n<p><a href=\"https:\/\/www.club-mouche-languedoc.fr\/index.php\/agenda-du-club\/\">Retrouver ici l&rsquo;agenda complet du club<\/a><\/p>\n<\/div>\n<\/div>\n\n\n\n<p><\/p>\n","protected":false},"excerpt":{"rendered":"<p>Cr\u00e9\u00e9 en 2000 notre club regroupe aujourd\u2019hui plus de 70 membres autour d\u2019une passion : la p\u00eache \u00e0 la mouche ! Notre devise : Apprendre, Partager, Pr\u00e9server Derniers articles Toutes les actualit\u00e9s&#8230; Prochains rendez-vous Retrouver ici l&rsquo;agenda complet du club<\/p>\n","protected":false},"author":1,"featured_media":0,"parent":0,"menu_order":0,"comment_status":"closed","ping_status":"closed","template":"","meta":{"footnotes":""},"class_list":["post-8","page","type-page","status-publish","hentry"],"_links":{"self":[{"href":"https:\/\/www.club-mouche-languedoc.fr\/index.php\/wp-json\/wp\/v2\/pages\/8","targetHints":{"allow":["GET"]}}],"collection":[{"href":"https:\/\/www.club-mouche-languedoc.fr\/index.php\/wp-json\/wp\/v2\/pages"}],"about":[{"href":"https:\/\/www.club-mouche-languedoc.fr\/index.php\/wp-json\/wp\/v2\/types\/page"}],"author":[{"embeddable":true,"href":"https:\/\/www.club-mouche-languedoc.fr\/index.php\/wp-json\/wp\/v2\/users\/1"}],"replies":[{"embeddable":true,"href":"https:\/\/www.club-mouche-languedoc.fr\/index.php\/wp-json\/wp\/v2\/comments?post=8"}],"version-history":[{"count":15,"href":"https:\/\/www.club-mouche-languedoc.fr\/index.php\/wp-json\/wp\/v2\/pages\/8\/revisions"}],"predecessor-version":[{"id":2473,"href":"https:\/\/www.club-mouche-languedoc.fr\/index.php\/wp-json\/wp\/v2\/pages\/8\/revisions\/2473"}],"wp:attachment":[{"href":"https:\/\/www.club-mouche-languedoc.fr\/index.php\/wp-json\/wp\/v2\/media?parent=8"}],"curies":[{"name":"wp","href":"https:\/\/api.w.org\/{rel}","templated":true}]}}