{"id":2635,"date":"2026-02-11T19:19:25","date_gmt":"2026-02-11T18:19:25","guid":{"rendered":"https:\/\/www.club-mouche-languedoc.fr\/?page_id=2635"},"modified":"2026-03-05T18:41:30","modified_gmt":"2026-03-05T17:41:30","slug":"journee-mouche-rivieres-vivantes","status":"publish","type":"page","link":"https:\/\/www.club-mouche-languedoc.fr\/index.php\/journee-mouche-rivieres-vivantes\/","title":{"rendered":"Journ\u00e9e Mouche &amp; Rivi\u00e8res vivantes"},"content":{"rendered":"\n<hr class=\"wp-block-separator has-alpha-channel-opacity is-style-wide\"\/>\n\n\n\n<figure class=\"wp-block-image size-full\"><img loading=\"lazy\" decoding=\"async\" width=\"707\" height=\"1003\" src=\"https:\/\/www.club-mouche-languedoc.fr\/wp-content\/uploads\/2026\/03\/Capture.png\" alt=\"\" class=\"wp-image-2702\" srcset=\"https:\/\/www.club-mouche-languedoc.fr\/wp-content\/uploads\/2026\/03\/Capture.png 707w, https:\/\/www.club-mouche-languedoc.fr\/wp-content\/uploads\/2026\/03\/Capture-211x300.png 211w\" sizes=\"auto, (max-width: 707px) 100vw, 707px\" \/><\/figure>\n\n\n\n<h1 class=\"wp-block-heading\">Programme de la Journ\u00e9e<\/h1>\n\n\n\n<h2 class=\"wp-block-heading\"><strong><mark style=\"background-color:rgba(0, 0, 0, 0)\" class=\"has-inline-color has-vivid-red-color\">En raison des pr\u00e9visions m\u00e9t\u00e9orologiques pr\u00e9vues, le concours et l&rsquo;initiation au lancer sont annul\u00e9s.<\/mark><\/strong><br><strong><mark style=\"background-color:rgba(0, 0, 0, 0)\" class=\"has-inline-color has-vivid-red-color\">La conf\u00e9rence et les projections de films sont maintenues !  <\/mark><\/strong>   <strong><mark style=\"background-color:rgba(0, 0, 0, 0)\" class=\"has-inline-color has-vivid-red-color\"> <\/mark><\/strong><\/h2>\n\n\n\n<h2 class=\"wp-block-heading\"><mark style=\"background-color:rgba(0, 0, 0, 0)\" class=\"has-inline-color has-vivid-cyan-blue-color\">8h \u00e0 17h &#8211; CONCOURS DE P\u00caCHE A LA MOUCHE<\/mark> <\/h2>\n\n\n\n<p>Parking : <a href=\"https:\/\/maps.app.goo.gl\/LwKC2SaTopmcp4F98\" target=\"_blank\" rel=\"noreferrer noopener\"><strong>(lien google maps)<\/strong><\/a><br>La comp\u00e9tition de p\u00eache \u00e0 la mouche se d\u00e9roule sur le <strong>no-kill de la Lergue situ\u00e9 en 2<sup>\u00e8me<\/sup>cat\u00e9gorie<\/strong> (communes du Puech et du Bosc). <br>Il s\u2019agit d\u2019une comp\u00e9tition par \u00e9quipe avec <strong>16 \u00e9quipes de 2 comp\u00e9titeurs.trices<\/strong>. <br>Pour les personnes n\u2019ayant pas de bin\u00f4mes pr\u00e9d\u00e9fini, la constitution de l\u2019\u00e9quipe pourra se faire le jour \u201cj\u201d avec un.e autre p\u00eacheur.euse qui se trouvera dans le m\u00eame cas.<br>Le parcours sera divis\u00e9 en <strong>deux secteurs<\/strong> (amont et aval) et se d\u00e9roulera en <strong>deux manches de 2h<\/strong>.<br>&#8211; Manche 1 : le premier p\u00eacheur de l&rsquo;\u00e9quipe p\u00eache, le second contr\u00f4le le p\u00eacheur d&rsquo;une autre \u00e9quipe<br>&#8211; Manche 2 : on inverse, le second p\u00eacheur de l&rsquo;\u00e9quipe p\u00eache, le premier contr\u00f4le le p\u00eacheur d&rsquo;une autre \u00e9quipe<br>Pour ce concours, o\u00f9 des truites arc en ciel auront pr\u00e9alablement \u00e9t\u00e9 l\u00e2ch\u00e9es sur le parcours, d\u2019autres poissons pourront aussi \u00eatre comptabilis\u00e9s&nbsp;: truites farios, chevesnes et barbeaux.&nbsp;<br>Le classement final, par \u00e9quipe, sera effectu\u00e9 en compilant la taille des prises (au mm).&nbsp;<br><strong>L\u2019inscription est fix\u00e9e \u00e0 20\u20ac par comp\u00e9titeur.trice, incluant le panier repas du midi. Le paiement se fera sur place (ch\u00e8que ou esp\u00e8ces). La fiche d\u2019inscription et les documents devront \u00eatre remis obligatoirement par mail avant le mercredi 4 mars.<\/strong><br><strong>DOCUMENTS OBLIGATOIRES&nbsp; A COMPL\u00c9TER ET RENVOYER PAR MAIL (date limite 4 mars)<\/strong> \u00e0  <a href=\"mailto:contact@aappma-lagauloise.fr\" target=\"_blank\" rel=\"noreferrer noopener\">contact@aappma-lagauloise.fr<\/a><br>Documents : <a href=\"https:\/\/www.club-mouche-languedoc.fr\/wp-content\/uploads\/2026\/02\/Fiche-dinscription.docx\" target=\"_blank\" rel=\"noreferrer noopener\">Fiche d&rsquo;inscription<\/a> &#8211; <a href=\"https:\/\/www.club-mouche-languedoc.fr\/wp-content\/uploads\/2026\/02\/Reglement_Concours_Peche.docx\" target=\"_blank\" rel=\"noreferrer noopener\">R\u00e8glement du concours<\/a> <\/p>\n\n\n\n<p>D\u00c9ROUL\u00c9 DE LA JOURN\u00c9E<\/p>\n\n\n\n<ul class=\"wp-block-list\">\n<li>Accueil des participants&nbsp;: 8h-8h30<\/li>\n\n\n\n<li>Consignes et rappel des r\u00e8gles de la comp\u00e9tition&nbsp;: 8h30 \u2013 9h<\/li>\n\n\n\n<li>1<sup>\u00e8re<\/sup> manche&nbsp;: 9h30 \u2013 11h30<\/li>\n\n\n\n<li>Pause avec repas&nbsp;: 12h \u2013 13h30<\/li>\n\n\n\n<li>2<sup>\u00e8me<\/sup> manche&nbsp;: 14h \u2013 16h<\/li>\n\n\n\n<li>R\u00e9sultat et remise des prix&nbsp;: 17h<\/li>\n<\/ul>\n\n\n\n<p>En fonction des conditions m\u00e9t\u00e9orologiques, les organisateurs se r\u00e9servent le droit d\u2019annuler la comp\u00e9tition 2 jours avant son d\u00e9roulement. Le cas \u00e9ch\u00e9ant, chaque inscrit sera pr\u00e9venu par mail et sms.<\/p>\n\n\n\n<h2 class=\"wp-block-heading\"><mark style=\"background-color:rgba(0, 0, 0, 0)\" class=\"has-inline-color has-vivid-cyan-blue-color\">18h \u00e0 19h30 &#8211; CONF\u00c9RENCE \u201cLA VIE DES RIVI\u00c8RES\u201d<\/mark><\/h2>\n\n\n\n<p>ENTR\u00c9E LIBRE &#8211; <a href=\"https:\/\/maps.app.goo.gl\/A8BezybN58xZM6cy5\" target=\"_blank\" rel=\"noreferrer noopener\">M\u00e9diath\u00e8que de Lod\u00e8ve &#8211; Place Francis Morand<\/a> <br><br>L&rsquo;hydrobiologiste R\u00e9mi BOURRU, partagera avec vous sa passion des rivi\u00e8res et des esp\u00e8ces, petites ou grandes, qui y vivent. Ce sera aussi l\u2019occasion de parler des menaces qui p\u00e8sent sur ces milieux et des solutions, \u00e0 taille humaine, pour y rem\u00e9dier. <br>La pr\u00e9sentation sera suivie d\u2019un temps d\u2019\u00e9change o\u00f9 vous pourrez poser toutes vos questions \u00e0 l\u2019intervenant.<\/p>\n\n\n\n<h2 class=\"wp-block-heading\"><mark style=\"background-color:rgba(0, 0, 0, 0)\" class=\"has-inline-color has-vivid-cyan-blue-color\">19h30 \u00e0 22h30 &#8211; FILMS DE P\u00caCHE A LA MOUCHE dans le cadre du RISE FESTIVAL<\/mark><\/h2>\n\n\n\n<p>Lieu : Cin\u00e9ma le Lut\u00e9va \u00e0 Lod\u00e8ve : <a href=\"https:\/\/maps.app.goo.gl\/wgDdQGay4inVGFao8\" target=\"_blank\" rel=\"noreferrer noopener\">(lien google maps)<\/a><\/p>\n\n\n\n<p>Comme chaque ann\u00e9e le Rise FESTIVAL revient \u00e0 Lod\u00e8ve pour une soir\u00e9e de contemplation et de frissons \u00e0 travers la diffusion de plusieurs courts-m\u00e9trages de films de p\u00eache \u00e0 la mouche. Que ce soit en France ou \u00e0 l\u2019\u00e9tranger, les films propos\u00e9s vous feront voyager au fil des rivi\u00e8res ou des mers \u00e0 la recherche de vos poissons pr\u00e9f\u00e9r\u00e9s ! <br>En d\u00e9but de soir\u00e9e et avant la diffusion des films, un ap\u00e9ritif dinatoire sera offert aux personnes ayant pris leur place pour cet \u00e9v\u00e9nement.<br><br>Tarif : 12\u20ac <br>Billetterie en ligne exclusivement. Aucune entr\u00e9e ne sera vendue sur place. <br>Acheter sa place ici : <a href=\"https:\/\/rise-festival.fr\/billetterie-rise\/\" target=\"_blank\" rel=\"noreferrer noopener\">https:\/\/rise-festival.fr\/billetterie-rise\/<\/a> (choisir la date du 7 mars, puis Lod\u00e8ve)<\/p>\n\n\n\n<h1 class=\"wp-block-heading\">&nbsp;<mark style=\"background-color:rgba(0, 0, 0, 0)\" class=\"has-inline-color has-vivid-cyan-blue-color\">Localisation des diff\u00e9rentes activit\u00e9s<\/mark><\/h1>\n\n\n<div class=\"leaflet-map WPLeafletMap\" style=\"height:500px; width:70%;\"><\/div><script>\nwindow.WPLeafletMapPlugin = window.WPLeafletMapPlugin || [];\nwindow.WPLeafletMapPlugin.push(function WPLeafletMapShortcode() {\/*<script>*\/\nvar baseUrl = atob('aHR0cHM6Ly97c30udGlsZS5vcGVuc3RyZWV0bWFwLm9yZy97en0ve3h9L3t5fS5wbmc=');\nvar base = (!baseUrl && window.MQ) ?\n    window.MQ.mapLayer() : L.tileLayer(baseUrl,\n        L.Util.extend({}, {\n            detectRetina: 0,\n        },\n        {\"subdomains\":\"abc\",\"noWrap\":false,\"maxZoom\":20}        )\n    );\n    var options = L.Util.extend({}, {\n        layers: [base],\n        attributionControl: false\n    },\n    {\"zoomControl\":true,\"scrollWheelZoom\":true,\"doubleClickZoom\":false,\"fitBounds\":false,\"minZoom\":0,\"maxZoom\":20,\"maxBounds\":null,\"attribution\":\"<a href=\\\"http:\\\/\\\/leafletjs.com\\\" title=\\\"Une biblioth\\u00e8que JS pour des cartes interactives\\\">Leaflet<\\\/a>; \\u00a9 <a href=\\\"http:\\\/\\\/www.openstreetmap.org\\\/copyright\\\">OpenStreetMap<\\\/a> contributeurs\"},\n    {});\nwindow.WPLeafletMapPlugin.createMap(options).setView([43.712584356146,3.3254575286734],13);});<\/script>\n\n\n<p><script>\nwindow.WPLeafletMapPlugin = window.WPLeafletMapPlugin || [];\nwindow.WPLeafletMapPlugin.push(function WPLeafletMarkerShortcode() {\/*<script>*\/\nvar map = window.WPLeafletMapPlugin.getCurrentMap();\nvar group = window.WPLeafletMapPlugin.getCurrentGroup();\nvar marker_options = window.WPLeafletMapPlugin.getIconOptions({});\nvar marker = L.marker(\n    [43.731825138569,3.3165567390271],\n    marker_options\n);\nvar is_image = map.is_image_map;\nif (marker_options.draggable) {\n    marker.on('dragend', function () {\n        var latlng = this.getLatLng();\n        var lat = latlng.lat;\n        var lng = latlng.lng;\n        if (is_image) {\n            console.log('leaflet-marker y=' + lat + ' x=' + lng);\n        } else {\n            console.log('leaflet-marker lat=' + lat + ' lng=' + lng);\n        }\n    });\n}\nmarker.addTo( group );\nmarker.bindPopup(window.WPLeafletMapPlugin.unescape(' M\u00e9diath\u00e8que : Conf\u00e9rence autour des rivi\u00e8res'));window.WPLeafletMapPlugin.markers.push( marker );\n        });<\/script><br \/>\n<script>\nwindow.WPLeafletMapPlugin = window.WPLeafletMapPlugin || [];\nwindow.WPLeafletMapPlugin.push(function WPLeafletMarkerShortcode() {\/*<script>*\/\nvar map = window.WPLeafletMapPlugin.getCurrentMap();\nvar group = window.WPLeafletMapPlugin.getCurrentGroup();\nvar marker_options = window.WPLeafletMapPlugin.getIconOptions({});\nvar marker = L.marker(\n    [43.732757034429,3.3142348535582],\n    marker_options\n);\nvar is_image = map.is_image_map;\nif (marker_options.draggable) {\n    marker.on('dragend', function () {\n        var latlng = this.getLatLng();\n        var lat = latlng.lat;\n        var lng = latlng.lng;\n        if (is_image) {\n            console.log('leaflet-marker y=' + lat + ' x=' + lng);\n        } else {\n            console.log('leaflet-marker lat=' + lat + ' lng=' + lng);\n        }\n    });\n}\nmarker.addTo( group );\nmarker.bindPopup(window.WPLeafletMapPlugin.unescape(' Cin\u00e9ma LUTEVA : RISE festival, films de p\u00eache \u00e0 la mouche'));window.WPLeafletMapPlugin.markers.push( marker );\n        });<\/script><br \/>\n<script>\nwindow.WPLeafletMapPlugin = window.WPLeafletMapPlugin || [];\nwindow.WPLeafletMapPlugin.push(function WPLeafletMarkerShortcode() {\/*<script>*\/\nvar map = window.WPLeafletMapPlugin.getCurrentMap();\nvar group = window.WPLeafletMapPlugin.getCurrentGroup();\nvar marker_options = window.WPLeafletMapPlugin.getIconOptions({});\nvar marker = L.marker(\n    [43.693474453175,3.3428292711639],\n    marker_options\n);\nvar is_image = map.is_image_map;\nif (marker_options.draggable) {\n    marker.on('dragend', function () {\n        var latlng = this.getLatLng();\n        var lat = latlng.lat;\n        var lng = latlng.lng;\n        if (is_image) {\n            console.log('leaflet-marker y=' + lat + ' x=' + lng);\n        } else {\n            console.log('leaflet-marker lat=' + lat + ' lng=' + lng);\n        }\n    });\n}\nmarker.addTo( group );\nmarker.bindPopup(window.WPLeafletMapPlugin.unescape(' Parking pour le concours de p\u00eache'));window.WPLeafletMapPlugin.markers.push( marker );\n        });<\/script><br \/>\n<script>\nwindow.WPLeafletMapPlugin = window.WPLeafletMapPlugin || [];\nwindow.WPLeafletMapPlugin.push(function WPLeafletMarkerShortcode() {\/*<script>*\/\nvar map = window.WPLeafletMapPlugin.getCurrentMap();\nvar group = window.WPLeafletMapPlugin.getCurrentGroup();\nvar marker_options = window.WPLeafletMapPlugin.getIconOptions({});\nvar marker = L.marker(\n    [43.69518649479,3.3406306652544],\n    marker_options\n);\nvar is_image = map.is_image_map;\nif (marker_options.draggable) {\n    marker.on('dragend', function () {\n        var latlng = this.getLatLng();\n        var lat = latlng.lat;\n        var lng = latlng.lng;\n        if (is_image) {\n            console.log('leaflet-marker y=' + lat + ' x=' + lng);\n        } else {\n            console.log('leaflet-marker lat=' + lat + ' lng=' + lng);\n        }\n    });\n}\nmarker.addTo( group );\nmarker.bindPopup(window.WPLeafletMapPlugin.unescape(' Point de regroupement pour le concours de p\u00eache'));window.WPLeafletMapPlugin.markers.push( marker );\n        });<\/script><\/p>\n\n\n\n<p>Pour tout contact ou information : <a href=\"mailto:contact@aappma-lagauloise.fr\" target=\"_blank\" rel=\"noreferrer noopener\">contact@aappma-lagauloise.fr<\/a><\/p>\n\n\n\n<p><\/p>\n","protected":false},"excerpt":{"rendered":"<p>Programme de la Journ\u00e9e En raison des pr\u00e9visions m\u00e9t\u00e9orologiques pr\u00e9vues, le concours et l&rsquo;initiation au lancer sont annul\u00e9s.La conf\u00e9rence et les projections de films sont maintenues ! 8h \u00e0 17h &#8211; CONCOURS DE P\u00caCHE A LA MOUCHE Parking : (lien google maps)La comp\u00e9tition de p\u00eache \u00e0 la mouche se d\u00e9roule sur le no-kill de la &hellip; <\/p>\n<p class=\"link-more\"><a href=\"https:\/\/www.club-mouche-languedoc.fr\/index.php\/journee-mouche-rivieres-vivantes\/\" class=\"more-link\">Continuer la lecture<span class=\"screen-reader-text\"> de &laquo;&nbsp;Journ\u00e9e Mouche &amp; Rivi\u00e8res vivantes&nbsp;&raquo;<\/span><\/a><\/p>\n","protected":false},"author":1,"featured_media":0,"parent":0,"menu_order":0,"comment_status":"closed","ping_status":"closed","template":"","meta":{"footnotes":""},"class_list":["post-2635","page","type-page","status-publish","hentry"],"_links":{"self":[{"href":"https:\/\/www.club-mouche-languedoc.fr\/index.php\/wp-json\/wp\/v2\/pages\/2635","targetHints":{"allow":["GET"]}}],"collection":[{"href":"https:\/\/www.club-mouche-languedoc.fr\/index.php\/wp-json\/wp\/v2\/pages"}],"about":[{"href":"https:\/\/www.club-mouche-languedoc.fr\/index.php\/wp-json\/wp\/v2\/types\/page"}],"author":[{"embeddable":true,"href":"https:\/\/www.club-mouche-languedoc.fr\/index.php\/wp-json\/wp\/v2\/users\/1"}],"replies":[{"embeddable":true,"href":"https:\/\/www.club-mouche-languedoc.fr\/index.php\/wp-json\/wp\/v2\/comments?post=2635"}],"version-history":[{"count":29,"href":"https:\/\/www.club-mouche-languedoc.fr\/index.php\/wp-json\/wp\/v2\/pages\/2635\/revisions"}],"predecessor-version":[{"id":2703,"href":"https:\/\/www.club-mouche-languedoc.fr\/index.php\/wp-json\/wp\/v2\/pages\/2635\/revisions\/2703"}],"wp:attachment":[{"href":"https:\/\/www.club-mouche-languedoc.fr\/index.php\/wp-json\/wp\/v2\/media?parent=2635"}],"curies":[{"name":"wp","href":"https:\/\/api.w.org\/{rel}","templated":true}]}}