{"id":2321,"date":"2025-05-27T16:23:16","date_gmt":"2025-05-27T14:23:16","guid":{"rendered":"https:\/\/www.club-mouche-languedoc.fr\/?page_id=2321"},"modified":"2025-10-08T14:57:42","modified_gmt":"2025-10-08T12:57:42","slug":"nos-engagements","status":"publish","type":"page","link":"https:\/\/www.club-mouche-languedoc.fr\/index.php\/nos-engagements\/","title":{"rendered":"Nos engagements"},"content":{"rendered":"\n<blockquote class=\"wp-block-quote is-layout-flow wp-block-quote-is-layout-flow\">\n<h2 class=\"wp-block-heading\">Notre club promeut une pratique \u00e9thique de la p\u00eache \u00e0 la mouche respectant \u00e0 la fois les poissons et les milieux.<\/h2>\n<\/blockquote>\n\n\n\n<ul class=\"wp-block-list\">\n<li><a href=\"https:\/\/www.club-mouche-languedoc.fr\/index.php\/nos-engagements\/#no-kill\" data-type=\"page\" data-id=\"2321\">No-kill et \u00ab\u00a0keep Fish Wet\u00a0\u00bb<\/a><\/li>\n\n\n\n<li><a href=\"https:\/\/www.club-mouche-languedoc.fr\/index.php\/nos-engagements\/#Sensibilisation-a-l-environnement\">Sensibilisation \u00e0 l\u2019environnement<\/a><\/li>\n\n\n\n<li><a href=\"https:\/\/www.club-mouche-languedoc.fr\/index.php\/nos-engagements\/#Actions-environnementales\" data-type=\"page\" data-id=\"2321\">Actions environnementales<\/a><\/li>\n\n\n\n<li><a href=\"https:\/\/www.club-mouche-languedoc.fr\/index.php\/nos-engagements\/#Club-inclusif\" data-type=\"page\" data-id=\"2321\">Club inclusif<\/a><\/li>\n<\/ul>\n\n\n\n<h1 class=\"wp-block-heading\" id=\"no-kill\"><strong>No kill et \u00ab\u00a0Keep Fish Wet\u00a0\u00bb<\/strong><\/h1>\n\n\n<div class=\"wp-block-image\">\n<figure class=\"alignright size-full is-resized\"><img loading=\"lazy\" decoding=\"async\" width=\"453\" height=\"231\" src=\"https:\/\/www.club-mouche-languedoc.fr\/wp-content\/uploads\/2025\/05\/no-kill.png\" alt=\"\" class=\"wp-image-2324\" style=\"width:149px;height:auto\" srcset=\"https:\/\/www.club-mouche-languedoc.fr\/wp-content\/uploads\/2025\/05\/no-kill.png 453w, https:\/\/www.club-mouche-languedoc.fr\/wp-content\/uploads\/2025\/05\/no-kill-300x153.png 300w\" sizes=\"auto, (max-width: 453px) 100vw, 453px\" \/><\/figure>\n<\/div>\n\n\n<p>Chaque membre du club est invit\u00e9 \u00e0 pratiquer la p\u00eache \u00ab sans tuer \u00bb ou \u00ab no kill \u00bb, qui consiste \u00e0 rel\u00e2cher le poisson apr\u00e8s sa prise. <\/p>\n\n\n<div class=\"wp-block-image\">\n<figure class=\"alignleft size-full is-resized\"><a href=\"https:\/\/www.keepfishwet.org\/\"><img loading=\"lazy\" decoding=\"async\" width=\"406\" height=\"264\" src=\"https:\/\/www.club-mouche-languedoc.fr\/wp-content\/uploads\/2025\/05\/kfw.png\" alt=\"\" class=\"wp-image-2322\" style=\"width:141px;height:auto\" srcset=\"https:\/\/www.club-mouche-languedoc.fr\/wp-content\/uploads\/2025\/05\/kfw.png 406w, https:\/\/www.club-mouche-languedoc.fr\/wp-content\/uploads\/2025\/05\/kfw-300x195.png 300w\" sizes=\"auto, (max-width: 406px) 100vw, 406px\" \/><\/a><\/figure>\n<\/div>\n\n\n<p>Pour diminuer au maximum le stress de l\u2019animal et permettre une remise \u00e0 l\u2019eau dans les meilleures conditions, nous encourageons nos membres \u00e0 pratiquer des gestes simples mis en avant par le mouvement \u00ab\u00a0<a href=\"https:\/\/www.keepfishwet.org\/\" target=\"_blank\" rel=\"noreferrer noopener\">Keep Fish Wet<\/a>\u00a0\u00bb <em>&nbsp;<\/em><\/p>\n\n\n\n<p>Que ce soit lors des s\u00e9ances de montage, les sorties avec les membres, les animations auxquelles nous participons, nous insistons sur l\u2019acquisition de mat\u00e9riel permettant de limiter le stress du poisson et sa remise \u00e0 l\u2019eau dans de bonnes conditions :<\/p>\n\n\n\n<ul class=\"wp-block-list\">\n<li>Utilisation syst\u00e9matique d\u2019hame\u00e7ons sans ardillons ;<\/li>\n\n\n\n<li>Recours \u00e0 une \u00e9puisette avec des filets adapt\u00e9s (rubber) pour chaque prise afin d\u2019\u00e9viter au maximum la manipulation avec les mains et pr\u00e9server le mucus de l&rsquo;animal ;<\/li>\n\n\n\n<li>Choix de fils avec un diam\u00e8tre adapt\u00e9 \u00e0 la taille des poissons pour limiter au maximum le temps entre la touche et la mise \u00e0 l\u2019\u00e9puisette.&nbsp;<\/li>\n<\/ul>\n\n\n\n<p>Nous insistons aussi sur la n\u00e9cessit\u00e9 de :<\/p>\n\n\n\n<ul class=\"wp-block-list\">\n<li>Garder le poisson au maximum dans l\u2019eau lors de sa prise ;<\/li>\n\n\n\n<li>Se mouiller les mains avant de manipuler le poisson ;<\/li>\n\n\n\n<li>R\u00e9aliser des clich\u00e9s ou vid\u00e9os des poissons dans l\u2019eau ;<\/li>\n\n\n\n<li>Prendre en consid\u00e9ration la temp\u00e9rature de l\u2019eau avant de se lancer dans une session de p\u00eache. Dans les secteurs de 1<sup>\u00e8re<\/sup> cat\u00e9gorie, nous recommandons de ne pas p\u00eacher quand la temp\u00e9rature de l\u2019eau est sup\u00e9rieure \u00e0 20\u00b0C.<a href=\"https:\/\/www.club-mouche-languedoc.fr\/index.php\/a-propos-de\/#club_table_des_matieres\"><\/a><a href=\"https:\/\/www.club-mouche-languedoc.fr\/index.php\/a-propos-de\/#club_table_des_matieres\"><\/a><\/li>\n<\/ul>\n\n\n\n<figure class=\"wp-block-image size-full\"><a href=\"https:\/\/www.club-mouche-languedoc.fr\/index.php\/nos-engagements\/\"><img loading=\"lazy\" decoding=\"async\" width=\"90\" height=\"71\" src=\"https:\/\/www.club-mouche-languedoc.fr\/wp-content\/uploads\/2025\/05\/haut.png\" alt=\"\" class=\"wp-image-2291\"\/><\/a><\/figure>\n\n\n\n<h1 class=\"wp-block-heading\" id=\"Sensibilisation-a-l-environnement\"><strong>Sensibilisation \u00e0 l\u2019environnement<\/strong>&nbsp;<\/h1>\n\n\n\n<p>Au Club Mouche Languedoc nous consid\u00e9rons que la p\u00eache \u00e0 la mouche est indissociable d\u2019une connaissance du fonctionnement des milieux aquatiques et de \u00ab\u00a0bonnes pratiques\u00a0\u00bb favorables \u00e0 leur pr\u00e9servation.&nbsp;<br>Nous proposons lors des s\u00e9ances hebdomadaires, des interventions et moments d&rsquo;\u00e9changes sur les poissons, la pr\u00e9servation des milieux, &#8230;.<br>Quelques s\u00e9ances sp\u00e9cifiques sur l&rsquo;environnement sont organis\u00e9es comme par exemple, <em>initiation \u00e0 l&rsquo;entomologie<\/em> (reconnaissance des insectes aquatiques), <em>intervention d&rsquo;experts dans le domaine<\/em>, <em>etc<\/em>.<\/p>\n\n\n\n<figure class=\"wp-block-image size-full\"><a href=\"https:\/\/www.club-mouche-languedoc.fr\/index.php\/nos-engagements\/\"><img loading=\"lazy\" decoding=\"async\" width=\"90\" height=\"71\" src=\"https:\/\/www.club-mouche-languedoc.fr\/wp-content\/uploads\/2025\/05\/haut.png\" alt=\"\" class=\"wp-image-2291\"\/><\/a><\/figure>\n\n\n\n<h1 class=\"wp-block-heading\" id=\"Actions-environnementales\"><strong>Actions environnementales<\/strong><\/h1>\n\n\n<div class=\"wp-block-image\">\n<figure class=\"alignright size-full is-resized\"><img loading=\"lazy\" decoding=\"async\" width=\"300\" height=\"300\" src=\"https:\/\/www.club-mouche-languedoc.fr\/wp-content\/uploads\/2025\/05\/aappma.png\" alt=\"\" class=\"wp-image-2325\" style=\"width:125px;height:auto\" srcset=\"https:\/\/www.club-mouche-languedoc.fr\/wp-content\/uploads\/2025\/05\/aappma.png 300w, https:\/\/www.club-mouche-languedoc.fr\/wp-content\/uploads\/2025\/05\/aappma-150x150.png 150w, https:\/\/www.club-mouche-languedoc.fr\/wp-content\/uploads\/2025\/05\/aappma-100x100.png 100w\" sizes=\"auto, (max-width: 300px) 100vw, 300px\" \/><\/figure>\n<\/div>\n\n\n<p>Nous encourageons vivement les membres du club \u00e0 s\u2019inscrire dans des actions concr\u00e8tes de pr\u00e9servation de nos rivi\u00e8res, en lien avec les f\u00e9d\u00e9rations d\u00e9partementales de p\u00eache et les Associations Agr\u00e9es de P\u00eache et de Protection du Milieu Aquatique (AAPPMA) locales. Des liens plus \u00e9troits se sont cr\u00e9\u00e9s depuis plusieurs ann\u00e9es avec l&rsquo;AAPPMA La gauloise (Lod\u00e8ve &#8211; 34) ou plus r\u00e9cemment avec l&rsquo;AAPPMA de Nant Saint Jean Saucli\u00e8res \u00ab\u00a0Dourbie m\u00e9diane\u00a0\u00bb (12).&nbsp;<\/p>\n\n\n\n<p>Le club organise ou participe \u00e0 des op\u00e9rations de ramassage des d\u00e9chets dans les cours d\u2019eau, de d\u00e9construction des barrages de galets, d\u2019entretien et de plantation des berges, de p\u00eaches \u00e9lectriques d&rsquo;inventaire ou de sauvegarde, \u2026<\/p>\n\n\n\n<p>La grande majorit\u00e9 de ses activit\u00e9s s\u2019effectue en saison automnale\/hivernale, lors de la fermeture de la p\u00eache en 1<sup>\u00e8re<\/sup> cat\u00e9gorie.<\/p>\n\n\n\n<figure class=\"wp-block-image size-full\"><a href=\"https:\/\/www.club-mouche-languedoc.fr\/index.php\/nos-engagements\/\"><img loading=\"lazy\" decoding=\"async\" width=\"90\" height=\"71\" src=\"https:\/\/www.club-mouche-languedoc.fr\/wp-content\/uploads\/2025\/05\/haut.png\" alt=\"\" class=\"wp-image-2291\"\/><\/a><\/figure>\n\n\n\n<h1 class=\"wp-block-heading\" id=\"Club-inclusif\"><strong>Club inclusif<\/strong><\/h1>\n\n\n<div class=\"wp-block-image\">\n<figure class=\"alignleft size-full is-resized\"><img loading=\"lazy\" decoding=\"async\" width=\"818\" height=\"818\" src=\"https:\/\/www.club-mouche-languedoc.fr\/wp-content\/uploads\/2025\/10\/Macaron-1.png\" alt=\"\" class=\"wp-image-2476\" style=\"width:178px;height:auto\" srcset=\"https:\/\/www.club-mouche-languedoc.fr\/wp-content\/uploads\/2025\/10\/Macaron-1.png 818w, https:\/\/www.club-mouche-languedoc.fr\/wp-content\/uploads\/2025\/10\/Macaron-1-300x300.png 300w, https:\/\/www.club-mouche-languedoc.fr\/wp-content\/uploads\/2025\/10\/Macaron-1-150x150.png 150w, https:\/\/www.club-mouche-languedoc.fr\/wp-content\/uploads\/2025\/10\/Macaron-1-768x768.png 768w, https:\/\/www.club-mouche-languedoc.fr\/wp-content\/uploads\/2025\/10\/Macaron-1-100x100.png 100w\" sizes=\"auto, (max-width: 767px) 89vw, (max-width: 1000px) 54vw, (max-width: 1071px) 543px, 580px\" \/><\/figure>\n<\/div>\n\n\n<p>Initi\u00e9e par le Comit\u00e9 Paralympique Fran\u00e7ais, le club s&rsquo;est inscrit dans le programme \u00ab\u00a0<a href=\"https:\/\/club-inclusif.fr\/\">Club inclusif<\/a>\u00a0\u00bb qui&nbsp; favorise l&rsquo;int\u00e9gration de personnes en situation de handicap dans les clubs sportifs et de loisir.<\/p>\n\n\n\n<p>Le club est accompagn\u00e9 dans cette d\u00e9marche par le comit\u00e9 paralympique, les f\u00e9d\u00e9rations handisport et sport adapt\u00e9.<\/p>\n\n\n\n<p>Sur les 2500 clubs du programme nous sommes le premier club de p\u00eache \u00e0 la mouche (et le seul au printemps 2025) ayant suivi le programme de formation &lsquo;Club inclusif&rsquo; complet. D\u00e9sormais le club est en capacit\u00e9 de r\u00e9pondre aux personnes concern\u00e9es.<\/p>\n\n\n\n<figure class=\"wp-block-image size-full\"><img loading=\"lazy\" decoding=\"async\" width=\"982\" height=\"552\" src=\"https:\/\/www.club-mouche-languedoc.fr\/wp-content\/uploads\/2025\/10\/banniere-2-edited.jpg\" alt=\"\" class=\"wp-image-2479\" srcset=\"https:\/\/www.club-mouche-languedoc.fr\/wp-content\/uploads\/2025\/10\/banniere-2-edited.jpg 982w, https:\/\/www.club-mouche-languedoc.fr\/wp-content\/uploads\/2025\/10\/banniere-2-edited-300x169.jpg 300w, https:\/\/www.club-mouche-languedoc.fr\/wp-content\/uploads\/2025\/10\/banniere-2-edited-768x432.jpg 768w\" sizes=\"auto, (max-width: 767px) 89vw, (max-width: 1000px) 54vw, (max-width: 1071px) 543px, 580px\" \/><\/figure>\n\n\n\n<figure class=\"wp-block-image size-full\"><a href=\"https:\/\/www.club-mouche-languedoc.fr\/index.php\/nos-engagements\/\"><img loading=\"lazy\" decoding=\"async\" width=\"90\" height=\"71\" src=\"https:\/\/www.club-mouche-languedoc.fr\/wp-content\/uploads\/2025\/05\/haut.png\" alt=\"\" class=\"wp-image-2291\"\/><\/a><\/figure>\n","protected":false},"excerpt":{"rendered":"<p>Notre club promeut une pratique \u00e9thique de la p\u00eache \u00e0 la mouche respectant \u00e0 la fois les poissons et les milieux. No kill et \u00ab\u00a0Keep Fish Wet\u00a0\u00bb Chaque membre du club est invit\u00e9 \u00e0 pratiquer la p\u00eache \u00ab sans tuer \u00bb ou \u00ab no kill \u00bb, qui consiste \u00e0 rel\u00e2cher le poisson apr\u00e8s sa prise. &hellip; <\/p>\n<p class=\"link-more\"><a href=\"https:\/\/www.club-mouche-languedoc.fr\/index.php\/nos-engagements\/\" class=\"more-link\">Continuer la lecture<span class=\"screen-reader-text\"> de &laquo;&nbsp;Nos engagements&nbsp;&raquo;<\/span><\/a><\/p>\n","protected":false},"author":1,"featured_media":0,"parent":0,"menu_order":0,"comment_status":"closed","ping_status":"closed","template":"","meta":{"footnotes":""},"class_list":["post-2321","page","type-page","status-publish","hentry"],"_links":{"self":[{"href":"https:\/\/www.club-mouche-languedoc.fr\/index.php\/wp-json\/wp\/v2\/pages\/2321","targetHints":{"allow":["GET"]}}],"collection":[{"href":"https:\/\/www.club-mouche-languedoc.fr\/index.php\/wp-json\/wp\/v2\/pages"}],"about":[{"href":"https:\/\/www.club-mouche-languedoc.fr\/index.php\/wp-json\/wp\/v2\/types\/page"}],"author":[{"embeddable":true,"href":"https:\/\/www.club-mouche-languedoc.fr\/index.php\/wp-json\/wp\/v2\/users\/1"}],"replies":[{"embeddable":true,"href":"https:\/\/www.club-mouche-languedoc.fr\/index.php\/wp-json\/wp\/v2\/comments?post=2321"}],"version-history":[{"count":18,"href":"https:\/\/www.club-mouche-languedoc.fr\/index.php\/wp-json\/wp\/v2\/pages\/2321\/revisions"}],"predecessor-version":[{"id":2480,"href":"https:\/\/www.club-mouche-languedoc.fr\/index.php\/wp-json\/wp\/v2\/pages\/2321\/revisions\/2480"}],"wp:attachment":[{"href":"https:\/\/www.club-mouche-languedoc.fr\/index.php\/wp-json\/wp\/v2\/media?parent=2321"}],"curies":[{"name":"wp","href":"https:\/\/api.w.org\/{rel}","templated":true}]}}