{"id":1767,"date":"2024-07-02T15:26:17","date_gmt":"2024-07-02T13:26:17","guid":{"rendered":"https:\/\/www.club-mouche-languedoc.fr\/?page_id=1767"},"modified":"2024-07-02T15:44:59","modified_gmt":"2024-07-02T13:44:59","slug":"parcours-competitions","status":"publish","type":"page","link":"https:\/\/www.club-mouche-languedoc.fr\/index.php\/parcours-competitions\/","title":{"rendered":"Parcours &lsquo;comp\u00e9titions&rsquo;"},"content":{"rendered":"Vous devez \u00eatre connect\u00e9 pour voir ce contenu.","protected":false},"excerpt":{"rendered":"Vous devez \u00eatre connect\u00e9 pour voir ce contenu.","protected":false},"author":1,"featured_media":0,"parent":0,"menu_order":0,"comment_status":"closed","ping_status":"closed","template":"","meta":{"footnotes":""},"class_list":["post-1767","page","type-page","status-publish","hentry"],"_links":{"self":[{"href":"https:\/\/www.club-mouche-languedoc.fr\/index.php\/wp-json\/wp\/v2\/pages\/1767","targetHints":{"allow":["GET"]}}],"collection":[{"href":"https:\/\/www.club-mouche-languedoc.fr\/index.php\/wp-json\/wp\/v2\/pages"}],"about":[{"href":"https:\/\/www.club-mouche-languedoc.fr\/index.php\/wp-json\/wp\/v2\/types\/page"}],"author":[{"embeddable":true,"href":"https:\/\/www.club-mouche-languedoc.fr\/index.php\/wp-json\/wp\/v2\/users\/1"}],"replies":[{"embeddable":true,"href":"https:\/\/www.club-mouche-languedoc.fr\/index.php\/wp-json\/wp\/v2\/comments?post=1767"}],"version-history":[{"count":6,"href":"https:\/\/www.club-mouche-languedoc.fr\/index.php\/wp-json\/wp\/v2\/pages\/1767\/revisions"}],"predecessor-version":[{"id":1779,"href":"https:\/\/www.club-mouche-languedoc.fr\/index.php\/wp-json\/wp\/v2\/pages\/1767\/revisions\/1779"}],"wp:attachment":[{"href":"https:\/\/www.club-mouche-languedoc.fr\/index.php\/wp-json\/wp\/v2\/media?parent=1767"}],"curies":[{"name":"wp","href":"https:\/\/api.w.org\/{rel}","templated":true}]}}