{"id":125,"date":"2021-12-16T11:03:01","date_gmt":"2021-12-16T10:03:01","guid":{"rendered":"https:\/\/www.club-mouche-languedoc.fr\/?page_id=125"},"modified":"2021-12-16T11:08:07","modified_gmt":"2021-12-16T10:08:07","slug":"pour-nous-contacter","status":"publish","type":"page","link":"https:\/\/www.club-mouche-languedoc.fr\/index.php\/pour-nous-contacter\/","title":{"rendered":"Pour nous contacter&#8230;"},"content":{"rendered":"\n<div class=\"wp-block-image\"><figure class=\"alignleft size-full is-resized\"><a href=\"mailto:contact@club-mouche-languedoc.fr\"><img loading=\"lazy\" decoding=\"async\" src=\"https:\/\/www.club-mouche-languedoc.fr\/wp-content\/uploads\/2021\/12\/email.png\" alt=\"\" class=\"wp-image-126\" width=\"126\" height=\"126\" srcset=\"https:\/\/www.club-mouche-languedoc.fr\/wp-content\/uploads\/2021\/12\/email.png 408w, https:\/\/www.club-mouche-languedoc.fr\/wp-content\/uploads\/2021\/12\/email-300x300.png 300w, https:\/\/www.club-mouche-languedoc.fr\/wp-content\/uploads\/2021\/12\/email-150x150.png 150w, https:\/\/www.club-mouche-languedoc.fr\/wp-content\/uploads\/2021\/12\/email-100x100.png 100w\" sizes=\"auto, (max-width: 126px) 100vw, 126px\" \/><\/a><\/figure><\/div>\n\n\n\n<p><br>Pour toute question concernant le club et ses activit\u00e9s, n&rsquo;h\u00e9sitez pas \u00e0 nous contacter par e-mail \u00e0 l&rsquo;adresse suivante : <br><a href=\"mailto:contact@club-mouche-languedoc.fr\">contact@club-mouche-languedoc.fr<\/a> <\/p>\n\n\n\n<p>  <\/p>\n","protected":false},"excerpt":{"rendered":"<p>Pour toute question concernant le club et ses activit\u00e9s, n&rsquo;h\u00e9sitez pas \u00e0 nous contacter par e-mail \u00e0 l&rsquo;adresse suivante : contact@club-mouche-languedoc.fr<\/p>\n","protected":false},"author":1,"featured_media":0,"parent":0,"menu_order":0,"comment_status":"closed","ping_status":"closed","template":"","meta":{"footnotes":""},"class_list":["post-125","page","type-page","status-publish","hentry"],"_links":{"self":[{"href":"https:\/\/www.club-mouche-languedoc.fr\/index.php\/wp-json\/wp\/v2\/pages\/125","targetHints":{"allow":["GET"]}}],"collection":[{"href":"https:\/\/www.club-mouche-languedoc.fr\/index.php\/wp-json\/wp\/v2\/pages"}],"about":[{"href":"https:\/\/www.club-mouche-languedoc.fr\/index.php\/wp-json\/wp\/v2\/types\/page"}],"author":[{"embeddable":true,"href":"https:\/\/www.club-mouche-languedoc.fr\/index.php\/wp-json\/wp\/v2\/users\/1"}],"replies":[{"embeddable":true,"href":"https:\/\/www.club-mouche-languedoc.fr\/index.php\/wp-json\/wp\/v2\/comments?post=125"}],"version-history":[{"count":3,"href":"https:\/\/www.club-mouche-languedoc.fr\/index.php\/wp-json\/wp\/v2\/pages\/125\/revisions"}],"predecessor-version":[{"id":131,"href":"https:\/\/www.club-mouche-languedoc.fr\/index.php\/wp-json\/wp\/v2\/pages\/125\/revisions\/131"}],"wp:attachment":[{"href":"https:\/\/www.club-mouche-languedoc.fr\/index.php\/wp-json\/wp\/v2\/media?parent=125"}],"curies":[{"name":"wp","href":"https:\/\/api.w.org\/{rel}","templated":true}]}}