{"id":122,"date":"2021-12-16T10:50:14","date_gmt":"2021-12-16T09:50:14","guid":{"rendered":"https:\/\/www.club-mouche-languedoc.fr\/?page_id=122"},"modified":"2022-11-24T12:53:09","modified_gmt":"2022-11-24T11:53:09","slug":"agenda-du-club","status":"publish","type":"page","link":"https:\/\/www.club-mouche-languedoc.fr\/index.php\/agenda-du-club\/","title":{"rendered":"Agenda du club"},"content":{"rendered":"\n<h1 class=\"wp-block-heading\"> Calendrier <\/h1>\n\n\n\n<iframe loading=\"lazy\" src=\"https:\/\/calendar.google.com\/calendar\/embed?height=600&amp;wkst=2&amp;bgcolor=%23ffffff&amp;ctz=Europe%2FParis&amp;src=Y2FsZW5kcmllckBjbHViLW1vdWNoZS1sYW5ndWVkb2MuZnI&amp;src=ZnIuZnJlbmNoI2hvbGlkYXlAZ3JvdXAudi5jYWxlbmRhci5nb29nbGUuY29t&amp;color=%234285F4&amp;color=%23F6BF26&amp;showPrint=1&amp;showTabs=0&amp;showCalendars=0&amp;showTz=0&amp;showDate=1&amp;showNav=1&amp;showTitle=0\" style=\"border-width:0\" scrolling=\"no\" width=\"1000\" height=\"600\" frameborder=\"0\"><\/iframe>\n\n\n\n<h1 class=\"wp-block-heading\"> Prochains \u00e9v\u00e9nements <\/h1>\n\n\n\n<iframe loading=\"lazy\" src=\"https:\/\/calendar.google.com\/calendar\/embed?height=600&amp;wkst=2&amp;bgcolor=%23ffffff&amp;ctz=Europe%2FParis&amp;src=Y2FsZW5kcmllckBjbHViLW1vdWNoZS1sYW5ndWVkb2MuZnI&amp;src=ZnIuZnJlbmNoI2hvbGlkYXlAZ3JvdXAudi5jYWxlbmRhci5nb29nbGUuY29t&amp;color=%234285F4&amp;color=%23F6BF26&amp;showPrint=1&amp;showTabs=0&amp;showCalendars=0&amp;showTz=0&amp;showDate=1&amp;showNav=1&amp;showTitle=0&amp;mode=AGENDA\" style=\"border-width:0\" scrolling=\"no\" width=\"800\" height=\"600\" frameborder=\"0\"><\/iframe>\n\n\n\n<h2 class=\"wp-block-heading\">Int\u00e9gration de l&rsquo;agenda du club dans votre propre application d&rsquo;agenda<\/h2>\n\n\n\n<p>Le lien au format iCal est le suivant : https:\/\/calendar.google.com\/calendar\/ical\/calendrier%40club-mouche-languedoc.fr\/public\/basic.ics<br> <\/p>\n","protected":false},"excerpt":{"rendered":"<p>Calendrier Prochains \u00e9v\u00e9nements Int\u00e9gration de l&rsquo;agenda du club dans votre propre application d&rsquo;agenda Le lien au format iCal est le suivant : https:\/\/calendar.google.com\/calendar\/ical\/calendrier%40club-mouche-languedoc.fr\/public\/basic.ics<\/p>\n","protected":false},"author":1,"featured_media":0,"parent":0,"menu_order":0,"comment_status":"closed","ping_status":"closed","template":"","meta":{"footnotes":""},"class_list":["post-122","page","type-page","status-publish","hentry"],"_links":{"self":[{"href":"https:\/\/www.club-mouche-languedoc.fr\/index.php\/wp-json\/wp\/v2\/pages\/122","targetHints":{"allow":["GET"]}}],"collection":[{"href":"https:\/\/www.club-mouche-languedoc.fr\/index.php\/wp-json\/wp\/v2\/pages"}],"about":[{"href":"https:\/\/www.club-mouche-languedoc.fr\/index.php\/wp-json\/wp\/v2\/types\/page"}],"author":[{"embeddable":true,"href":"https:\/\/www.club-mouche-languedoc.fr\/index.php\/wp-json\/wp\/v2\/users\/1"}],"replies":[{"embeddable":true,"href":"https:\/\/www.club-mouche-languedoc.fr\/index.php\/wp-json\/wp\/v2\/comments?post=122"}],"version-history":[{"count":2,"href":"https:\/\/www.club-mouche-languedoc.fr\/index.php\/wp-json\/wp\/v2\/pages\/122\/revisions"}],"predecessor-version":[{"id":1005,"href":"https:\/\/www.club-mouche-languedoc.fr\/index.php\/wp-json\/wp\/v2\/pages\/122\/revisions\/1005"}],"wp:attachment":[{"href":"https:\/\/www.club-mouche-languedoc.fr\/index.php\/wp-json\/wp\/v2\/media?parent=122"}],"curies":[{"name":"wp","href":"https:\/\/api.w.org\/{rel}","templated":true}]}}